{"id":44,"date":"2025-05-20T03:31:20","date_gmt":"2025-05-20T09:31:20","guid":{"rendered":"https:\/\/persistencia.mx\/nuevositio\/home\/"},"modified":"2026-03-26T21:32:41","modified_gmt":"2026-03-27T03:32:41","slug":"home","status":"publish","type":"page","link":"https:\/\/persistencia.mx\/nuevositio\/","title":{"rendered":"Home"},"content":{"rendered":"\n\n\n\n\n\n\n\n\n\n\n\n\n<h5>Bienvenido al<\/h5>\n<h3 style=\"color: rgb(255, 182, 6);\">Instituto Persistencia y Determinaci\u00f3n<\/h3>\n\n\n<p>Creado en el 2009 como un instituto capacitador en el \u00e1rea contable y fiscal. Actualmente, frente a la creciente digitalizaci\u00f3n y a una regulaci\u00f3n fiscal m\u00e1s estricta, ofrecemos diplomados con valor para la Norma de Desarrollo Profesional Continuo (NDPC) y una especialidad con Reconocimiento de Validez Oficial de Estudios (RVOE) cuyo objetivo es contribuir al desarrollo profesional proporcionando conocimientos avanzados en las \u00e1reas contable y fiscal,&nbsp;<\/p>\n\n\n\n\n\n\n\n\n\n\n\n\n\n\n\n\n\n\n<h5 style=\"color: rgb(255, 182, 6);\">S\u00e9 parte de nosotros<\/h5>\n<h3>Conoce sobre nuestros diplomados y especialidad<\/h3>\n<p>Ponte en contacto con nosotros, ind\u00edcanos el curso de tu inter\u00e9s y te haremos llegar la informaci\u00f3n necesaria. \u00a1Queremos ser tu opci\u00f3n para tu desarrollo profesional!<\/p>\n\n\n\n\n\n\n\n\n\n\n\n\n<h5 style=\"color: rgb(255, 182, 6);\">Pr\u00f3ximos<\/h5>\n<h2>Diplomados<\/h2>\n\n\n\n\nInicia: 13 de marzo de 2026<br>Valor NDPC: 30 pts\n\n\n\n\n\n\n\n\n\nInicia: 2 de mayo de 2026<br>Valor NDPC: 30 pts\n\n\n\n\n\n\n\n\n\nInicia: 5 de junio de 2026<br>Valor NDPC: 30 pts\n\n\n\n\n\n\n\n\n\n\n\n\n\n<h5 style=\"color: rgb(255, 182, 6);\">Historia desde el 2009<\/h5>\n<h2>\u00a1Tenemos m\u00e1s de 15 a\u00f1os de experiencia!<\/h2>\n\n\n\n\n\n\n\n\n\n\n\n\n\n\n\n\n\n\n\n\n\n\n\n\n<h5 style=\"color: rgb(255, 182, 6);\">\u00bfPor qu\u00e9 estudiar<\/h5>\n<h2>con nosotros?<\/h2>\n\n\n<p>de nuestros expositores y docentes, con amplia trayectoria en firmas y\/o empresas de prestigio.<\/p>\n<p>en el coraz\u00f3n de la ciudad de Puebla, cercano a las principales v\u00edas de comunicaci\u00f3n.<\/p>\n\n\n<p>con temas relacionados a tu profesi\u00f3n y que te ayudar\u00e1n a tu desarrollo profesional.<\/p>\n<p>tanto de exalumnos como de profesionales del ramo, para establecer un networking y conexiones valiosas a futuro.<\/p>\n\n\n<p>que te permitir\u00e1 estar al d\u00eda en los temas contables y fiscales.<\/p>\n<p>dise\u00f1ados junto con un gran equipo de capacitadores que cubrir\u00e1n las \u00e1reas de oportunidad de tu empresa.<\/p>\n\n\n\n\n\n\n\n\n<h5 style=\"color: rgb(255, 182, 6);\">Rese\u00f1as de los estudiantes<\/h5>\n<h2>\u00bfQu\u00e9 dicen de nosotros?<\/h2>\n\n\n\n\n\n\n\n\n\n\n\n\n\n\n<h5 style=\"color: rgb(255, 182, 6);\">Conoce a<\/h5>\n<h2>Nuestros docentes<\/h2>\n\n\n\n\n<p><em>CPC y Mtro. en Administraci\u00f3n<\/em><\/p><p>\n<span style=\"font-size: medium;\">Metodolog\u00eda de la Investigaci\u00f3n,\nImpuesto Sobre la Renta<\/span>\n<\/p>\n<p><em>CPC y Mtra. en Contribuciones<\/em><\/p><p>Obligaciones de Seguridad Social<\/p>\n\n\n<p><em>CPC y Mtro. en Derecho Fiscal<\/em><\/p><p>Marco Legal y Fiscal de la Contabilidad, Medios de Defensa Fiscal por la V\u00eda Electr\u00f3nica<\/p>\n<p><i>Mtro. en Derecho Empresarial y Fiscal<\/i><\/p><p>Inform\u00e1tica Aplicada a los Impuestos<\/p>\n\n\n<p><em>CPC y Lic. en Contadur\u00eda<\/em><\/p><p>Marco Conceptual de la Contabilidad Financiera<\/p>\n<p><em>Lic. en Derecho<\/em><\/p><p>Organizaci\u00f3n y Estrategia<\/p>\n\n\n<p><em>CPC y Lic. en Contadur\u00eda<\/em><\/p><p>An\u00e1lisis y Confecci\u00f3n de Estados Financieros<\/p>\n<p><em>Lic. en Ciencias de la Educaci\u00f3n<\/em><\/p><p>Metodolog\u00eda de la Investigaci\u00f3n<\/p>\n\n\n\n\n","protected":false},"excerpt":{"rendered":"","protected":false},"author":1,"featured_media":0,"parent":0,"menu_order":0,"comment_status":"closed","ping_status":"closed","template":"","meta":{"pagelayer_contact_templates":{"8zx5184":{"cont_subject":"Home Lesson Form","cont_header":"$fullname,$email,$number,$course","cont_use_html":"true"}},"_pagelayer_content":"","footnotes":""},"class_list":["post-44","page","type-page","status-publish","hentry"],"_links":{"self":[{"href":"https:\/\/persistencia.mx\/nuevositio\/wp-json\/wp\/v2\/pages\/44","targetHints":{"allow":["GET"]}}],"collection":[{"href":"https:\/\/persistencia.mx\/nuevositio\/wp-json\/wp\/v2\/pages"}],"about":[{"href":"https:\/\/persistencia.mx\/nuevositio\/wp-json\/wp\/v2\/types\/page"}],"author":[{"embeddable":true,"href":"https:\/\/persistencia.mx\/nuevositio\/wp-json\/wp\/v2\/users\/1"}],"replies":[{"embeddable":true,"href":"https:\/\/persistencia.mx\/nuevositio\/wp-json\/wp\/v2\/comments?post=44"}],"version-history":[{"count":66,"href":"https:\/\/persistencia.mx\/nuevositio\/wp-json\/wp\/v2\/pages\/44\/revisions"}],"predecessor-version":[{"id":288,"href":"https:\/\/persistencia.mx\/nuevositio\/wp-json\/wp\/v2\/pages\/44\/revisions\/288"}],"wp:attachment":[{"href":"https:\/\/persistencia.mx\/nuevositio\/wp-json\/wp\/v2\/media?parent=44"}],"curies":[{"name":"wp","href":"https:\/\/api.w.org\/{rel}","templated":true}]}}